{"id":96943,"date":"2024-01-29T10:35:59","date_gmt":"2024-01-29T09:35:59","guid":{"rendered":"https:\/\/www.cas-aranjuez.org\/wpcas\/?page_id=96943"},"modified":"2024-01-30T11:14:11","modified_gmt":"2024-01-30T10:14:11","slug":"padres-somascos","status":"publish","type":"page","link":"https:\/\/www.cas-aranjuez.org\/wpcas\/padres-somascos\/","title":{"rendered":"Padres Somascos"},"content":{"rendered":"\n<p class=\"has-medium-font-size\"><strong>\u201cEl trabajo, la devoci\u00f3n y la caridad son el fundamento de la obra\u201d<\/strong><\/p>\n\n\n\n<p class=\"has-text-align-right\"><strong>(San Jer\u00f3nimo Emiliani)<\/strong><\/p>\n\n\n\n<figure class=\"wp-block-image size-large\"><img loading=\"lazy\" decoding=\"async\" width=\"1024\" height=\"289\" src=\"https:\/\/www.cas-aranjuez.org\/wpcas\/wp-content\/uploads\/2024\/01\/Padres-Somascos-copia-2-1024x289.jpg\" alt=\"\" class=\"wp-image-96972\" srcset=\"https:\/\/www.cas-aranjuez.org\/wpcas\/wp-content\/uploads\/2024\/01\/Padres-Somascos-copia-2-1024x289.jpg 1024w, https:\/\/www.cas-aranjuez.org\/wpcas\/wp-content\/uploads\/2024\/01\/Padres-Somascos-copia-2-512x144.jpg 512w, https:\/\/www.cas-aranjuez.org\/wpcas\/wp-content\/uploads\/2024\/01\/Padres-Somascos-copia-2-768x216.jpg 768w, https:\/\/www.cas-aranjuez.org\/wpcas\/wp-content\/uploads\/2024\/01\/Padres-Somascos-copia-2-1536x433.jpg 1536w, https:\/\/www.cas-aranjuez.org\/wpcas\/wp-content\/uploads\/2024\/01\/Padres-Somascos-copia-2-2048x577.jpg 2048w, https:\/\/www.cas-aranjuez.org\/wpcas\/wp-content\/uploads\/2024\/01\/Padres-Somascos-copia-2-360x101.jpg 360w\" sizes=\"auto, (max-width: 1024px) 100vw, 1024px\" \/><\/figure>\n\n\n\n<p>Siguiendo el ejemplo de San Jer\u00f3nimo Emiliani, los religiosos somascos quieren testimoniar a Dios como padre, base para su labor educativa. El somasco, sacerdote o laico, educa en el conocimiento y la pr\u00e1ctica de la doctrina cristiana. El trabajo y el estudio son los medios m\u00e1s eficaces y dignos para una formaci\u00f3n integral de la persona.<\/p>\n\n\n\n<p>&nbsp;&nbsp;&nbsp;&nbsp;&nbsp;&nbsp;&nbsp;&nbsp;&nbsp;Un papel importante en las obras somascas es desempe\u00f1ado por los laicos, trabajadores contratados y voluntarios: la implicaci\u00f3n e incorporaci\u00f3n de estos colaboradores (voluntarios, monitores, catequistas, etc.) a las distintas actividades, son la mejor manera de encarnar la solidaridad humana y cristiana. Los somascos trabajan en casas para ni\u00f1os, centros de ense\u00f1anza, centros asistenciales para menores, internados en zonas deprimidas, centros para recuperaci\u00f3n de drogadictos, se ocupan de parroquias, de colegios, de fundaciones, de hogares de menores\u2026<\/p>\n\n\n\n<figure class=\"wp-block-image size-large\"><img loading=\"lazy\" decoding=\"async\" width=\"1024\" height=\"915\" src=\"https:\/\/www.cas-aranjuez.org\/wpcas\/wp-content\/uploads\/2024\/01\/Padres-Somascos-copia-1024x915.jpg\" alt=\"\" class=\"wp-image-96973\" srcset=\"https:\/\/www.cas-aranjuez.org\/wpcas\/wp-content\/uploads\/2024\/01\/Padres-Somascos-copia-1024x915.jpg 1024w, https:\/\/www.cas-aranjuez.org\/wpcas\/wp-content\/uploads\/2024\/01\/Padres-Somascos-copia-512x457.jpg 512w, https:\/\/www.cas-aranjuez.org\/wpcas\/wp-content\/uploads\/2024\/01\/Padres-Somascos-copia-768x686.jpg 768w, https:\/\/www.cas-aranjuez.org\/wpcas\/wp-content\/uploads\/2024\/01\/Padres-Somascos-copia-1536x1372.jpg 1536w, https:\/\/www.cas-aranjuez.org\/wpcas\/wp-content\/uploads\/2024\/01\/Padres-Somascos-copia-2048x1830.jpg 2048w, https:\/\/www.cas-aranjuez.org\/wpcas\/wp-content\/uploads\/2024\/01\/Padres-Somascos-copia-302x270.jpg 302w\" sizes=\"auto, (max-width: 1024px) 100vw, 1024px\" \/><\/figure>\n\n\n\n<p class=\"has-medium-font-size\"><strong>LOS PADRES SOMASCOS EN EL MUNDO<\/strong><\/p>\n\n\n\n<p><a href=\"https:\/\/www.ocrs.it\/\">https:\/\/www.ocrs.it\/<\/a><\/p>\n\n\n\n<p>Los Padres Somascos son una congregaci\u00f3n relativamente peque\u00f1a pero se ha difundido por todos los continentes. Compuesta por religiosos, sacerdotes y hermanos, que tienen como primera vocaci\u00f3n la de vivir en peque\u00f1as comunidades de religiosos unidas en el esp\u00edritu del Evangelio, dedicadas a la formaci\u00f3n humana y cristiana de la juventud y a la acogida de los m\u00e1s vulnerables.<\/p>\n\n\n\n<p>Desde la segunda mitad del siglo XX las nuevas fundaciones u obras somascas superan las 80 en Europa (Italia, Espa\u00f1a, Ruman\u00eda, Polonia, Albania), en Asia (Filipinas, India, Sri Lanka, Indonesia), en Am\u00e9rica (Brasil, Colombia, Ecuador, El Salvador, Honduras, Guatemala, M\u00e9xico, USA), en Ocean\u00eda (Australia), y ahora, en \u00c1frica (Mozambique y Nigeria). La Congregaci\u00f3n se organiza en \u201cprovincias\u201d. Las provincias somascas son:<\/p>\n\n\n\n<ul class=\"wp-block-list\"><li>Curia General.<\/li><li>Provincia de Italia: Italia, Comisariado de USA, Delegaci\u00f3n de Polonia, Delegaci\u00f3n de Albania y Delegaci\u00f3n de Nigeria.<\/li><li>Provincia de Centro Am\u00e9rica y del Caribe.<\/li><li>Provincia de Espa\u00f1a: Espa\u00f1a y Delegaci\u00f3n de Mozambique.<\/li><li>Provincia Andina.<\/li><li>Provincia del Sudeste Asi\u00e1tico: Filipinas y Delegaci\u00f3n de Indonesia.<\/li><li>Provincia de India: India, Delegaci\u00f3n de Sri Lanka y Delegaci\u00f3n de Ocean\u00eda.<\/li><li>Vice-provincia de Brasil.<\/li><li>Vice-provincia de M\u00e9xico.<\/li><\/ul>\n\n\n\n<p><\/p>\n\n\n\n<p><\/p>\n\n\n\n<p><strong>LOS PADRES SOMASCOS EN ESPA\u00d1A<\/strong><\/p>\n\n\n\n<p><a rel=\"noreferrer noopener\" href=\"https:\/\/somascos.org\/\" target=\"_blank\"><strong>www.somascos.org <\/strong><\/a><\/p>\n\n\n\n<figure class=\"wp-block-image size-large\"><img loading=\"lazy\" decoding=\"async\" width=\"1024\" height=\"157\" src=\"https:\/\/www.cas-aranjuez.org\/wpcas\/wp-content\/uploads\/2024\/01\/obrasSomascas-1024x157.jpg\" alt=\"\" class=\"wp-image-96984\" srcset=\"https:\/\/www.cas-aranjuez.org\/wpcas\/wp-content\/uploads\/2024\/01\/obrasSomascas-1024x157.jpg 1024w, https:\/\/www.cas-aranjuez.org\/wpcas\/wp-content\/uploads\/2024\/01\/obrasSomascas-512x79.jpg 512w, https:\/\/www.cas-aranjuez.org\/wpcas\/wp-content\/uploads\/2024\/01\/obrasSomascas-768x118.jpg 768w, https:\/\/www.cas-aranjuez.org\/wpcas\/wp-content\/uploads\/2024\/01\/obrasSomascas-1536x236.jpg 1536w, https:\/\/www.cas-aranjuez.org\/wpcas\/wp-content\/uploads\/2024\/01\/obrasSomascas-360x55.jpg 360w, https:\/\/www.cas-aranjuez.org\/wpcas\/wp-content\/uploads\/2024\/01\/obrasSomascas.jpg 1920w\" sizes=\"auto, (max-width: 1024px) 100vw, 1024px\" \/><\/figure>\n\n\n\n<p>Los religiosos somascos llegaron a Espa\u00f1a en 1957. Se instalaron en La Guardia (Pontevedra) y abrieron una escuela para el pueblo. Al a\u00f1o siguiente fueron invitados a dirigir otro colegio en Caldas de Reis (Pontevedra).\u00a0 Llegaron luego a Aranjuez, en 1961, donde asumieron un nuevo colegio. Poco a poco, nuestra comunidad educativa fue creciendo, y hoy conviven y estudian en el Colegio Ap\u00f3stol Santiago m\u00e1s de 1.700 alumnos, de 1 a 18 a\u00f1os de edad.<\/p>\n\n\n\n<p>M\u00e1s tarde, abrieron otras obras en diferentes lugares. Algunas, tras a\u00f1os de funcionamiento, fueron clausuradas, como una residencia universitaria en Madrid, un colegio seminario menor en Taranc\u00f3n o una casa de menores en Santiago de Compostela. Otras m\u00e1s siguen en marcha, junto con los centros de La Guardia, Caldas de Reis y Aranjuez, como la parroquia Mare de D\u00e9u del Roser, en Badalona (1983) y la casa de menores \u201cLlar Santa Rosal\u00eda\u201d, en Tei\u00e1 (1985).<\/p>\n\n\n\n<p>En estos \u00faltimos a\u00f1os, valientemente se ha dado un paso m\u00e1s: \u00a1a \u00c1frica\u2026! Mozambique, es la \u00faltima obra e inicio de un nuevo camino por andar para todos los somascos, sacerdotes y laicos.<\/p>\n\n\n\n<p><\/p>\n","protected":false},"excerpt":{"rendered":"<p>\u201cEl trabajo, la devoci\u00f3n y la caridad son el fundamento de la obra\u201d (San Jer\u00f3nimo Emiliani) Siguiendo el ejemplo de San Jer\u00f3nimo Emiliani, los religiosos somascos quieren testimoniar a Dios como padre, base para su labor educativa. El somasco, sacerdote <a href=\"https:\/\/www.cas-aranjuez.org\/wpcas\/padres-somascos\/\" class=\"read-more\">Leer m\u00e1s&#8230;<\/a><\/p>\n","protected":false},"author":12,"featured_media":0,"parent":0,"menu_order":0,"comment_status":"closed","ping_status":"closed","template":"","meta":{"ngg_post_thumbnail":0,"footnotes":""},"class_list":["post-96943","page","type-page","status-publish","hentry"],"_links":{"self":[{"href":"https:\/\/www.cas-aranjuez.org\/wpcas\/wp-json\/wp\/v2\/pages\/96943","targetHints":{"allow":["GET"]}}],"collection":[{"href":"https:\/\/www.cas-aranjuez.org\/wpcas\/wp-json\/wp\/v2\/pages"}],"about":[{"href":"https:\/\/www.cas-aranjuez.org\/wpcas\/wp-json\/wp\/v2\/types\/page"}],"author":[{"embeddable":true,"href":"https:\/\/www.cas-aranjuez.org\/wpcas\/wp-json\/wp\/v2\/users\/12"}],"replies":[{"embeddable":true,"href":"https:\/\/www.cas-aranjuez.org\/wpcas\/wp-json\/wp\/v2\/comments?post=96943"}],"version-history":[{"count":3,"href":"https:\/\/www.cas-aranjuez.org\/wpcas\/wp-json\/wp\/v2\/pages\/96943\/revisions"}],"predecessor-version":[{"id":96986,"href":"https:\/\/www.cas-aranjuez.org\/wpcas\/wp-json\/wp\/v2\/pages\/96943\/revisions\/96986"}],"wp:attachment":[{"href":"https:\/\/www.cas-aranjuez.org\/wpcas\/wp-json\/wp\/v2\/media?parent=96943"}],"curies":[{"name":"wp","href":"https:\/\/api.w.org\/{rel}","templated":true}]}}