{"id":96942,"date":"2024-01-29T10:35:59","date_gmt":"2024-01-29T09:35:59","guid":{"rendered":"https:\/\/www.cas-aranjuez.org\/wpcas\/?page_id=96942"},"modified":"2024-01-30T11:01:37","modified_gmt":"2024-01-30T10:01:37","slug":"san-jeronimo-emiliani","status":"publish","type":"page","link":"https:\/\/www.cas-aranjuez.org\/wpcas\/san-jeronimo-emiliani\/","title":{"rendered":"San Jer\u00f3nimo Emiliani"},"content":{"rendered":"\n<p><\/p>\n\n\n\n<div class=\"wp-block-media-text alignwide is-stacked-on-mobile\" style=\"grid-template-columns:41% auto\"><figure class=\"wp-block-media-text__media\"><img loading=\"lazy\" decoding=\"async\" width=\"264\" height=\"512\" src=\"https:\/\/www.cas-aranjuez.org\/wpcas\/wp-content\/uploads\/2024\/01\/Agenda_Nuestro-fundador-264x512.jpg\" alt=\"\" class=\"wp-image-96969 size-full\" srcset=\"https:\/\/www.cas-aranjuez.org\/wpcas\/wp-content\/uploads\/2024\/01\/Agenda_Nuestro-fundador-264x512.jpg 264w, https:\/\/www.cas-aranjuez.org\/wpcas\/wp-content\/uploads\/2024\/01\/Agenda_Nuestro-fundador-529x1024.jpg 529w, https:\/\/www.cas-aranjuez.org\/wpcas\/wp-content\/uploads\/2024\/01\/Agenda_Nuestro-fundador-768x1487.jpg 768w, https:\/\/www.cas-aranjuez.org\/wpcas\/wp-content\/uploads\/2024\/01\/Agenda_Nuestro-fundador-793x1536.jpg 793w, https:\/\/www.cas-aranjuez.org\/wpcas\/wp-content\/uploads\/2024\/01\/Agenda_Nuestro-fundador-1057x2048.jpg 1057w, https:\/\/www.cas-aranjuez.org\/wpcas\/wp-content\/uploads\/2024\/01\/Agenda_Nuestro-fundador-139x270.jpg 139w, https:\/\/www.cas-aranjuez.org\/wpcas\/wp-content\/uploads\/2024\/01\/Agenda_Nuestro-fundador.jpg 1153w\" sizes=\"auto, (max-width: 264px) 100vw, 264px\" \/><\/figure><div class=\"wp-block-media-text__content\">\n<p>Nuestro santo naci\u00f3 en Venecia en 1486. Hu\u00e9rfano de padre desde muy joven, fue sabiamente educado en la fe cristiana por su madre, Dionora Morosini. En 1506, entr\u00f3 en la vida p\u00fablica, dedic\u00e1ndose sobre todo al ejercicio de las armas, como soldado de la Rep\u00fablica veneciana. En 1511 fue enviado a la fortaleza de Castelnuovo de Quero, situada a la orilla del Piave, con car\u00e1cter de Gobernador regente. All\u00ed fue hecho prisionero y encarcelado. Fue liberado por la Virgen Mar\u00eda, mostr\u00e1ndole el camino hacia una nueva vida.<\/p>\n\n\n\n<p>Comenz\u00f3 su camino de conversi\u00f3n cuidando a sus sobrinos hu\u00e9rfanos y despu\u00e9s se dedic\u00f3 a otros ni\u00f1os sin familia, v\u00edctimas de las guerras y de las enfermedades de la \u00e9poca como la peste. Su vida era testimonio excepcional del evangelio de Jes\u00fas y de lealtad a la Iglesia. Lograba que otros cristianos se involucrasen en sus proyectos y obras de caridad (escuelas talleres, orfanatos, cuidados de enfermos&#8230;), procurando que todos los menores atendidos recibiesen una formaci\u00f3n religiosa y humana, al mismo tiempo que aprend\u00edan un oficio.<\/p>\n\n\n\n<p>Organiz\u00f3 la \u00abCompa\u00f1\u00eda de los Siervos de los Pobres\u00bb, germen de la Congregaci\u00f3n de los Padres Somascos. Su proyecto educativo se basaba en tres pilares: el trabajo, la devoci\u00f3n y la caridad.<\/p>\n\n\n\n<p>El 8 de febrero de 1537, tras una vida de entrega a los dem\u00e1s, muere en la peque\u00f1a aldea de Somasca, cerca de Como (Italia).<\/p>\n<\/div><\/div>\n\n\n\n<p><\/p>\n\n\n\n<figure class=\"wp-block-image size-large\"><img loading=\"lazy\" decoding=\"async\" width=\"709\" height=\"1024\" src=\"https:\/\/www.cas-aranjuez.org\/wpcas\/wp-content\/uploads\/2024\/01\/Biografia-Jeronimo-Emiliani-709x1024.jpg\" alt=\"\" class=\"wp-image-96968\" srcset=\"https:\/\/www.cas-aranjuez.org\/wpcas\/wp-content\/uploads\/2024\/01\/Biografia-Jeronimo-Emiliani-709x1024.jpg 709w, https:\/\/www.cas-aranjuez.org\/wpcas\/wp-content\/uploads\/2024\/01\/Biografia-Jeronimo-Emiliani-354x512.jpg 354w, https:\/\/www.cas-aranjuez.org\/wpcas\/wp-content\/uploads\/2024\/01\/Biografia-Jeronimo-Emiliani-187x270.jpg 187w, https:\/\/www.cas-aranjuez.org\/wpcas\/wp-content\/uploads\/2024\/01\/Biografia-Jeronimo-Emiliani.jpg 720w\" sizes=\"auto, (max-width: 709px) 100vw, 709px\" \/><\/figure>\n","protected":false},"excerpt":{"rendered":"<p>Nuestro santo naci\u00f3 en Venecia en 1486. Hu\u00e9rfano de padre desde muy joven, fue sabiamente educado en la fe cristiana por su madre, Dionora Morosini. En 1506, entr\u00f3 en la vida p\u00fablica, dedic\u00e1ndose sobre todo al ejercicio de las armas, <a href=\"https:\/\/www.cas-aranjuez.org\/wpcas\/san-jeronimo-emiliani\/\" class=\"read-more\">Leer m\u00e1s&#8230;<\/a><\/p>\n","protected":false},"author":12,"featured_media":0,"parent":0,"menu_order":0,"comment_status":"closed","ping_status":"closed","template":"","meta":{"ngg_post_thumbnail":0,"footnotes":""},"class_list":["post-96942","page","type-page","status-publish","hentry"],"_links":{"self":[{"href":"https:\/\/www.cas-aranjuez.org\/wpcas\/wp-json\/wp\/v2\/pages\/96942","targetHints":{"allow":["GET"]}}],"collection":[{"href":"https:\/\/www.cas-aranjuez.org\/wpcas\/wp-json\/wp\/v2\/pages"}],"about":[{"href":"https:\/\/www.cas-aranjuez.org\/wpcas\/wp-json\/wp\/v2\/types\/page"}],"author":[{"embeddable":true,"href":"https:\/\/www.cas-aranjuez.org\/wpcas\/wp-json\/wp\/v2\/users\/12"}],"replies":[{"embeddable":true,"href":"https:\/\/www.cas-aranjuez.org\/wpcas\/wp-json\/wp\/v2\/comments?post=96942"}],"version-history":[{"count":3,"href":"https:\/\/www.cas-aranjuez.org\/wpcas\/wp-json\/wp\/v2\/pages\/96942\/revisions"}],"predecessor-version":[{"id":96983,"href":"https:\/\/www.cas-aranjuez.org\/wpcas\/wp-json\/wp\/v2\/pages\/96942\/revisions\/96983"}],"wp:attachment":[{"href":"https:\/\/www.cas-aranjuez.org\/wpcas\/wp-json\/wp\/v2\/media?parent=96942"}],"curies":[{"name":"wp","href":"https:\/\/api.w.org\/{rel}","templated":true}]}}