{"id":75805,"date":"2022-12-02T11:49:49","date_gmt":"2022-12-02T10:49:49","guid":{"rendered":"https:\/\/www.cas-aranjuez.org\/wpcas\/?page_id=75805"},"modified":"2026-04-08T11:13:49","modified_gmt":"2026-04-08T09:13:49","slug":"espacio-seguro","status":"publish","type":"page","link":"https:\/\/www.cas-aranjuez.org\/wpcas\/espacio-seguro\/","title":{"rendered":"Sistema Interno de Informaci\u00f3n\/Espacio Seguro"},"content":{"rendered":"\n<p>El <strong>Canal de denuncias o \u201cSistema Interno de Informaci\u00f3n\u201d<\/strong> es un elemento clave para promover una cultura \u00e9tica, de transparencia y libre de conductas de corrupci\u00f3n, fraude o incumplimientos administrativos o penales atendiendo a lo dispuesto en la Ley 2\/2023, de 20 de febrero.<\/p>\n\n\n\n<p>El <strong>Colegio Ap\u00f3stol Santiago<\/strong> &#8211; Padres Somascos, Aranjuez ha habilitado la <strong>direcci\u00f3n web <a href=\"https:\/\/fanjulytejado.responsabilidadpenal.com\/canal-de-denuncias\">https:\/\/fanjulytejado.responsabilidadpenal.com\/canal-de-denuncias<\/a>,<\/strong> a la que acceder tras introducir el <strong>c\u00f3digo \u201c<em>COLEGIO APOSTOL SANTIAGO<\/em>\u201d<\/strong>, como principal Canal Interno de Informaci\u00f3n para la recepci\u00f3n de las comunicaciones.<\/p>\n\n\n\n<p><strong>En este sentido, el presente Canal se instaura como mecanismo objetivo y eficaz para informar de:<\/strong><\/p>\n\n\n\n<ol start=\"1\" style=\"list-style-type:upper-roman\" class=\"wp-block-list\">\n<li>Cualesquiera acciones u omisiones que puedan constituir infracciones del Derecho de la Uni\u00f3n Europea, de acuerdo con los requisitos establecidos en la normativa.<\/li>\n\n\n\n<li>Acciones u omisiones que puedan ser constitutivas de infracci\u00f3n penal o administrativa grave o muy grave. En todo caso, se entender\u00e1n comprendidas todas aquellas infracciones penales o administrativas graves o muy graves que impliquen quebranto econ\u00f3mico para la Hacienda P\u00fablica y para la Seguridad Social.<\/li>\n\n\n\n<li>Incumplimientos relevantes, o indicios fundados de haberse producido, de la normativa interna y de los principios b\u00e1sicos del C\u00f3digo \u00c9tico y de Conducta, que conlleven o no alguna infracci\u00f3n de las materias enunciadas en los apartados precedentes o en el \u00e1mbito de las relaciones laborales.<\/li>\n<\/ol>\n\n\n\n<p>Los <strong>hechos denunciados deben ser ciertos<\/strong>, por ello, el denunciante deber\u00e1 asegurarse de que la informaci\u00f3n proporcionada es correcta y <strong>evitar\u00e1 el uso del Canal para realizar denuncias falsas, denuncias que muestren la mala fe de forma manifiesta, denuncias no fundadas o sin indicios concretos, denuncias sobre hechos no denunciables por no suponer ning\u00fan tipo de il\u00edcito o incumplimiento \u00e9tico, denuncias relativas a hechos que se encuentren en sede judicial<\/strong>.<\/p>\n\n\n\n<p>El <strong>mal uso del Canal podr\u00e1 ser sancionable<\/strong>. El art\u00edculo 63 de la Ley 2\/23 recoge como infracci\u00f3n muy grave el comunicar o revelar informaci\u00f3n a sabiendas de su falsedad.<\/p>\n\n\n\n<p><strong>Las denuncias podr\u00e1n realizarse<\/strong> a trav\u00e9s del presente Canal o de forma verbal tras solicitud por este u otros medios establecidos.<\/p>\n\n\n\n<p>El presente Canal proporciona un medio <strong>confidencial y seguro<\/strong> para que cualquier persona que se relacione con la organizaci\u00f3n pueda denunciar cualquier operaci\u00f3n sospechosa o ilegal sin temor a represalias. En particular, se <strong>garantiza la confidencialidad<\/strong> de la identidad de los informantes, de cualquier tercero mencionado en la comunicaci\u00f3n y de las actuaciones que se desarrollen en la gesti\u00f3n y tramitaci\u00f3n de las comunicaciones, teniendo en cuenta, en todo caso, la normativa de protecci\u00f3n de datos e impidiendo el acceso a personal autorizado.<\/p>\n\n\n\n<p>Todos <strong>los reportes o comunicaciones ser\u00e1n contestados y resueltos<\/strong> con la m\u00e1xima brevedad posible, respetando los plazos legalmente establecidos y en ning\u00fan caso se facilitar\u00e1 informaci\u00f3n a terceros salvo en aquellos casos en los que la Legislaci\u00f3n as\u00ed lo permita.<\/p>\n\n\n\n<p><strong>El registro de las comunicaciones no es p\u00fablico.<\/strong> En todo caso, el canal cumple y respeta la Ley Org\u00e1nica 3\/2018, de 5 de diciembre, de Protecci\u00f3n de Datos Personales y garant\u00eda de los derechos digitales. La organizaci\u00f3n conservar\u00e1 los datos personales relativos al presente canal de denuncias durante el plazo estrictamente necesario y nunca se conservar\u00e1n datos personales, relativos a este tratamiento, durante un plazo superior al legalmente establecido. Para m\u00e1s informaci\u00f3n acerca del tratamiento de sus datos personales en el Canal consulte la Pol\u00edtica de Privacidad.<\/p>\n\n\n\n<ul class=\"wp-block-list has-vivid-red-color has-text-color has-link-color wp-elements-90cb3e495e0fcfd59dddeb83700bb712\">\n<li>POL\u00cdTICA DEL CANAL DE DENUNCIAS. <a href=\"https:\/\/www.cas-aranjuez.org\/wpcas\/wp-content\/uploads\/2026\/04\/SII_CAS-2026_01_Politica-Canal-de-denuncias-SII.pdf\" target=\"_blank\" rel=\"noreferrer noopener\"><strong>AQU\u00cd<\/strong><\/a>.<\/li>\n<\/ul>\n\n\n\n<p><\/p>\n\n\n\n<figure class=\"wp-block-image size-large\"><img loading=\"lazy\" decoding=\"async\" width=\"1024\" height=\"302\" src=\"https:\/\/www.cas-aranjuez.org\/wpcas\/wp-content\/uploads\/2022\/12\/espacioseguro_web-1024x302.jpg\" alt=\"\" class=\"wp-image-75812\" srcset=\"https:\/\/www.cas-aranjuez.org\/wpcas\/wp-content\/uploads\/2022\/12\/espacioseguro_web-1024x302.jpg 1024w, https:\/\/www.cas-aranjuez.org\/wpcas\/wp-content\/uploads\/2022\/12\/espacioseguro_web-512x151.jpg 512w, https:\/\/www.cas-aranjuez.org\/wpcas\/wp-content\/uploads\/2022\/12\/espacioseguro_web-768x226.jpg 768w, https:\/\/www.cas-aranjuez.org\/wpcas\/wp-content\/uploads\/2022\/12\/espacioseguro_web-360x106.jpg 360w, https:\/\/www.cas-aranjuez.org\/wpcas\/wp-content\/uploads\/2022\/12\/espacioseguro_web.jpg 1075w\" sizes=\"auto, (max-width: 1024px) 100vw, 1024px\" \/><\/figure>\n\n\n\n<p>El Colegio Ap\u00f3stol Santiago es un centro educativo cat\u00f3lico que pertenece a la Provincia de Espa\u00f1a de los Padres Somascos, con sede en Madrid, junto con otras obras educativas y asistenciales en distintos lugares de Espa\u00f1a. En los centros educativos y asistenciales, los principales destinatarios de las obras es la infancia y la juventud, menores de edad. Para ellos y con ellos, atendiendo a nuestro Proyecto educativo, se plantea como una obligaci\u00f3n legal y moral <strong>garantizar los derechos fundamentales de los menores a su integridad f\u00edsica, ps\u00edquica, psicol\u00f3gica y moral frente a cualquier forma de violencia, incluidos el acoso escolar, el maltrato infantil o los abusos sexuales<\/strong>.<\/p>\n\n\n\n<p>Por ello, se ha puesto en marcha el <strong>Sistema \u201cEspacio Seguro\u201d (SES)<\/strong>, conjunto de acciones preventivas y de actuaci\u00f3n que pretenden generar y fomentar entornos seguros, actividades seguras y relaciones seguras para los menores o adultos vulnerables frente al maltrato, violencia o abusos sexuales en cada una de las obras o instituciones pertenecientes o ligadas a los Padres Somascos en la Provincia de Espa\u00f1a.<\/p>\n\n\n\n<p>La responsabilidad institucional de la Provincia de Espa\u00f1a de los Padres Somascos parte de la <strong>\u201ctolerancia cero\u201d frente a cualquier tipo de violencia, maltrato o abuso al menor o adulto vulnerable<\/strong>.<\/p>\n\n\n\n<p>Entre las acciones formuladas en SES para potenciar la creaci\u00f3n de entornos educativos seguros, la Provincia de Espa\u00f1a de los Padres Somascos propone <strong>dos documentos<\/strong> que todos los adultos intervinientes en las obras somascas (religiosos, el profesorado, el personal de administraci\u00f3n y servicios, los voluntarios, los catequistas, los monitores\u2026) deben conocer y cuyos contenidos deben respetar. Por un lado, el texto \u201cL\u00edneas-gu\u00eda de la Orden de los Cl\u00e9rigos Regulares de Somasca\u201d y por otro, el \u201cC\u00f3digo de Conducta somasco para la Protecci\u00f3n de Menores y Adultos vulnerables\u201d. Ambos pretenden ser una clara orientaci\u00f3n para prevenir, detectar, denunciar y actuar contra el maltrato y el abuso a menores y adultos vulnerables. Han de seguir las pautas descritas en estos documentos como norma reguladora del proceder en el desarrollo de sus funciones.<\/p>\n\n\n\n<p>Facilitamos dos correos electr\u00f3nicos que sirven para comunicar cualquier cuesti\u00f3n referente a este tema a modo de \u201c<strong>canal de denuncias<\/strong>\u201d, tanto para se\u00f1alar conductas que pueden implicar una irregularidad o para consultar dudas que puedan surgir sobre la interpretaci\u00f3n del mismo:<\/p>\n\n\n\n<ul class=\"wp-block-list\">\n<li><a href=\"mailto:espacioseguro@somascos.org\">espacioseguro@somascos.org<\/a>, gestionado por la Comisi\u00f3n provincial de los Padres Somascos de Espa\u00f1a en caso de intervenci\u00f3n a nivel provincial.c<\/li>\n\n\n\n<li><a href=\"mailto:espacioseguro@cas-aranjuez.org\">espacioseguro@cas-aranjuez.org<\/a>, gestionado por la Comisi\u00f3n local del Colegio Ap\u00f3stol Santiago para los momentos de intervenci\u00f3n.<\/li>\n<\/ul>\n\n\n\n<p>Adem\u00e1s, se ha compartido el \u00ab<strong>Protocolo de actuaci\u00f3n<\/strong> ante situaciones de maltrato o abusos sexuales al menor o adultos vulnerables\u00bb, herramienta que tiene como objetivo indicar de qu\u00e9 manera y con qu\u00e9 instrumentos debe ser conocido, respetado y cumplido el C\u00f3digo por todo el personal de la obra somasca del \u201cCOLEGIO AP\u00d3STOL SANTIAGO\u201d, as\u00ed como hay que proceder si se produjese una actuaci\u00f3n contraria al mismo.<\/p>\n\n\n\n<p>A su vez, pod\u00e9is ver o descargar los documentos indicados:<\/p>\n\n\n\n<ul class=\"wp-block-list\">\n<li>L\u00edneas-gu\u00eda de la Orden de los Cl\u00e9rigos Regulares de Somasca. <a href=\"https:\/\/www.cas-aranjuez.org\/wpcas\/wp-content\/uploads\/2022\/12\/PROV.-ESPANA-Lineas-guiadelaOrden-2021-22-A5-03-04-2022.pdf\" target=\"_blank\" rel=\"noreferrer noopener\">AQU\u00cd<\/a>.<\/li>\n\n\n\n<li>C\u00f3digo de Conducta somasco para la Protecci\u00f3n de Menores y Adultos vulnerables. <a href=\"https:\/\/www.cas-aranjuez.org\/wpcas\/wp-content\/uploads\/2022\/12\/CodigoConducta.pdf\" target=\"_blank\" rel=\"noreferrer noopener\">AQU\u00cd<\/a>.<\/li>\n\n\n\n<li>Protocolo de actuaci\u00f3n ante situaciones de maltrato o abusos al menor o adultos vulnerables. <a href=\"https:\/\/www.cas-aranjuez.org\/wpcas\/wp-content\/uploads\/2022\/12\/CAS_ProtocoloActuacionCodigoConducta_2022.pdf\" target=\"_blank\" rel=\"noreferrer noopener\">AQU\u00cd<\/a>.<\/li>\n<\/ul>\n","protected":false},"excerpt":{"rendered":"<p>El Canal de denuncias o \u201cSistema Interno de Informaci\u00f3n\u201d es un elemento clave para promover una cultura \u00e9tica, de transparencia y libre de conductas de corrupci\u00f3n, fraude o incumplimientos administrativos o penales atendiendo a lo dispuesto en la Ley 2\/2023, <a href=\"https:\/\/www.cas-aranjuez.org\/wpcas\/espacio-seguro\/\" class=\"read-more\">Leer m\u00e1s&#8230;<\/a><\/p>\n","protected":false},"author":12,"featured_media":138375,"parent":0,"menu_order":0,"comment_status":"closed","ping_status":"closed","template":"","meta":{"ngg_post_thumbnail":0,"footnotes":""},"class_list":["post-75805","page","type-page","status-publish","has-post-thumbnail","hentry"],"_links":{"self":[{"href":"https:\/\/www.cas-aranjuez.org\/wpcas\/wp-json\/wp\/v2\/pages\/75805","targetHints":{"allow":["GET"]}}],"collection":[{"href":"https:\/\/www.cas-aranjuez.org\/wpcas\/wp-json\/wp\/v2\/pages"}],"about":[{"href":"https:\/\/www.cas-aranjuez.org\/wpcas\/wp-json\/wp\/v2\/types\/page"}],"author":[{"embeddable":true,"href":"https:\/\/www.cas-aranjuez.org\/wpcas\/wp-json\/wp\/v2\/users\/12"}],"replies":[{"embeddable":true,"href":"https:\/\/www.cas-aranjuez.org\/wpcas\/wp-json\/wp\/v2\/comments?post=75805"}],"version-history":[{"count":4,"href":"https:\/\/www.cas-aranjuez.org\/wpcas\/wp-json\/wp\/v2\/pages\/75805\/revisions"}],"predecessor-version":[{"id":138378,"href":"https:\/\/www.cas-aranjuez.org\/wpcas\/wp-json\/wp\/v2\/pages\/75805\/revisions\/138378"}],"wp:featuredmedia":[{"embeddable":true,"href":"https:\/\/www.cas-aranjuez.org\/wpcas\/wp-json\/wp\/v2\/media\/138375"}],"wp:attachment":[{"href":"https:\/\/www.cas-aranjuez.org\/wpcas\/wp-json\/wp\/v2\/media?parent=75805"}],"curies":[{"name":"wp","href":"https:\/\/api.w.org\/{rel}","templated":true}]}}