{"id":622,"date":"2017-08-30T10:49:51","date_gmt":"2017-08-30T08:49:51","guid":{"rendered":"http:\/\/www.cas-aranjuez.org\/wpcas\/?page_id=622"},"modified":"2026-04-08T23:49:39","modified_gmt":"2026-04-08T21:49:39","slug":"comedor","status":"publish","type":"page","link":"https:\/\/www.cas-aranjuez.org\/wpcas\/comedor\/","title":{"rendered":"Comedor Escolar y atenci\u00f3n en ampliaci\u00f3n horaria"},"content":{"rendered":"<p><span style=\"color: #800000;\"><em><img loading=\"lazy\" decoding=\"async\" class=\" wp-image-48076 alignright\" src=\"http:\/\/www.cas-aranjuez.org\/wpcas\/wp-content\/uploads\/2019\/09\/comedor.jpg\" alt=\"\" width=\"331\" height=\"139\">Las actividades complementarias espor\u00e1dicas o puntuales (de un d\u00eda o de m\u00e1s de un d\u00eda), actividades extraescolares y los servicios complementarios organizados por el centro, tienen car\u00e1cter voluntario, no lucrativo y no discriminatorio.<\/em><\/span><\/p>\n<p>El <strong>SERVICIO DE COMEDOR ESCOLAR<\/strong> es un servicio complementario. Este servicio atiende todos los d\u00edas lectivos seg\u00fan el calendario escolar y se ofrece a todas las etapas educativas. Mensualmente nos informa, a trav\u00e9s de la web y en papel, del men\u00fa propuesto. Cuenta con atenci\u00f3n vigilada desde las 14:00 hasta las 15:30. <span style=\"color: initial;\">El Colegio cuenta con cocina propia (empresa AUSOLAN). El equipo educativo de comedor propone un PROYECTO DE COMEDOR Y DE PATIO con actividades espec\u00edficas.<\/span><\/p>\n<p>El <strong>SERVICIO DE AMPLIACI\u00d3N HORARIA NO LECTIVA<\/strong>. Para favorecer la conciliaci\u00f3n de las jornadas de los padres con los horarios escolares de los hijos y circunstancias concretas de cada familia, el centro ofrece el servicio de ampliaci\u00f3n horaria no lectiva. Esta atenci\u00f3n se distribuye en tres tiempos: \u00ablos primeros del cole\u00bb; \u00ablas tardes del cole\u00bb; y ampliaci\u00f3n horaria de 13:00 a 14:00 en septiembre y junio.<\/p>\n<p>&nbsp;<\/p>\n<p><strong>ES IMPORTANTE CONOCER LA INFORMACI\u00d3N DE LOS SERVICIOS (calendarios, horarios, coste, altas y bajas, etc.), para ello facilitamos la documentaci\u00f3n correspondiente:<\/strong><\/p>\n<ul>\n<li><strong>COMEDOR ESCOLAR.- Informaci\u00f3n. <a href=\"https:\/\/www.cas-aranjuez.org\/wpcas\/wp-content\/uploads\/2025\/09\/Servicios_Comedor_25-26_Informacion.pdf\" target=\"_blank\" rel=\"noopener\">AQU\u00cd<\/a>.<\/strong><\/li>\n<li><strong>AMPLIACI\u00d3N HORARIA.- Informaci\u00f3n. <a href=\"https:\/\/www.cas-aranjuez.org\/wpcas\/wp-content\/uploads\/2025\/09\/Servicios_Horario-ampliado_25-26_Informacion.pdf\" target=\"_blank\" rel=\"noopener\">AQU\u00cd<\/a>.<\/strong><\/li>\n<li><strong>Comedor Escolar y Ampliaci\u00f3n Horaria.- INSCRIPCI\u00d3N. <a href=\"https:\/\/www.cas-aranjuez.org\/wpcas\/wp-content\/uploads\/2025\/09\/Servicios_Comedor-Horario-Ampliado_25-26_Inscripcion.pdf\" target=\"_blank\" rel=\"noopener\">AQU\u00cd<\/a>.<\/strong><\/li>\n<li><strong>PEQUECAS (Infantil Ciclo I). Comedor Escolar y atenci\u00f3n en ampliaci\u00f3n horaria.- INSCRIPCI\u00d3N. <a href=\"https:\/\/www.cas-aranjuez.org\/wpcas\/wp-content\/uploads\/2025\/09\/Servicios_Comedor-Horario-Ampliado_25-26-PequeCAS-Inscripcion.pdf\" target=\"_blank\" rel=\"noopener\">AQU\u00cd<\/a>.<\/strong><\/li>\n<li>Ficha de autorizaci\u00f3n para la&nbsp;<strong>administraci\u00f3n de medicaci\u00f3n<\/strong>.&nbsp;<a href=\"https:\/\/www.cas-aranjuez.org\/wpcas\/wp-content\/uploads\/2023\/06\/Ficha-Administracion-Medicamentos.pdf\" target=\"_blank\" rel=\"noopener\">AQU\u00cd<\/a>.<br>\n<h3>&nbsp;<\/h3>\n<\/li>\n<\/ul>\n<h1 style=\"text-align: center;\"><span style=\"color: #800000;\">MEN\u00da<\/span><\/h1>\n<ul>\n<li>SEPTIEMBRE. <a href=\"https:\/\/www.cas-aranjuez.org\/wpcas\/wp-content\/uploads\/2025\/09\/SCAN-9558.pdf\" target=\"_blank\" rel=\"noopener\">MEN\u00da<\/a>.<\/li>\n<li>OCTUBRE. <a href=\"https:\/\/www.cas-aranjuez.org\/wpcas\/wp-content\/uploads\/2025\/09\/SCAN-9739.pdf\">MEN\u00da<\/a>.<\/li>\n<li>NOVIEMBRE. <a href=\"https:\/\/www.cas-aranjuez.org\/wpcas\/wp-content\/uploads\/2025\/10\/SCAN-9899.pdf\" target=\"_blank\" rel=\"noopener\">MEN\u00da<\/a>.<\/li>\n<li>DICIEMBRE. <a href=\"https:\/\/www.cas-aranjuez.org\/wpcas\/wp-content\/uploads\/2025\/12\/Menu-diciembre.pdf\" target=\"_blank\" rel=\"noopener\">MEN\u00da<\/a>.<\/li>\n<li>ENERO. <a href=\"https:\/\/www.cas-aranjuez.org\/wpcas\/wp-content\/uploads\/2026\/01\/COBDD01.pdf\" target=\"_blank\" rel=\"noopener\">MEN\u00da.<\/a><\/li>\n<li>FEBRERO. <a href=\"https:\/\/www.cas-aranjuez.org\/wpcas\/wp-content\/uploads\/2026\/01\/MENU-FEBRERO.pdf\" target=\"_blank\" rel=\"noopener\">MEN\u00da.<\/a><\/li>\n<li>MARZO. <a href=\"https:\/\/www.cas-aranjuez.org\/wpcas\/wp-content\/uploads\/2026\/03\/Menu-Marzo.pdf\" target=\"_blank\" rel=\"noopener\">MEN\u00da<\/a>.<\/li>\n<li>ABRIL. <a href=\"https:\/\/www.cas-aranjuez.org\/wpcas\/wp-content\/uploads\/2026\/04\/Menu-abril.pdf\" target=\"_blank\" rel=\"noopener\">MEN\u00da<\/a>.<\/li>\n<li>MAYO. MEN\u00da.<\/li>\n<li>JUNIO. MEN\u00da.<\/li>\n<\/ul>\n\n\n<p><\/p>\n","protected":false},"excerpt":{"rendered":"<p>Las actividades complementarias espor\u00e1dicas o puntuales (de un d\u00eda o de m\u00e1s de un d\u00eda), actividades extraescolares y los servicios complementarios organizados por el centro, tienen car\u00e1cter voluntario, no lucrativo y no discriminatorio. El SERVICIO DE COMEDOR ESCOLAR es un <a href=\"https:\/\/www.cas-aranjuez.org\/wpcas\/comedor\/\" class=\"read-more\">Leer m\u00e1s&#8230;<\/a><\/p>\n","protected":false},"author":1,"featured_media":0,"parent":0,"menu_order":0,"comment_status":"closed","ping_status":"closed","template":"","meta":{"ngg_post_thumbnail":0,"footnotes":""},"class_list":["post-622","page","type-page","status-publish","hentry"],"_links":{"self":[{"href":"https:\/\/www.cas-aranjuez.org\/wpcas\/wp-json\/wp\/v2\/pages\/622","targetHints":{"allow":["GET"]}}],"collection":[{"href":"https:\/\/www.cas-aranjuez.org\/wpcas\/wp-json\/wp\/v2\/pages"}],"about":[{"href":"https:\/\/www.cas-aranjuez.org\/wpcas\/wp-json\/wp\/v2\/types\/page"}],"author":[{"embeddable":true,"href":"https:\/\/www.cas-aranjuez.org\/wpcas\/wp-json\/wp\/v2\/users\/1"}],"replies":[{"embeddable":true,"href":"https:\/\/www.cas-aranjuez.org\/wpcas\/wp-json\/wp\/v2\/comments?post=622"}],"version-history":[{"count":143,"href":"https:\/\/www.cas-aranjuez.org\/wpcas\/wp-json\/wp\/v2\/pages\/622\/revisions"}],"predecessor-version":[{"id":138384,"href":"https:\/\/www.cas-aranjuez.org\/wpcas\/wp-json\/wp\/v2\/pages\/622\/revisions\/138384"}],"wp:attachment":[{"href":"https:\/\/www.cas-aranjuez.org\/wpcas\/wp-json\/wp\/v2\/media?parent=622"}],"curies":[{"name":"wp","href":"https:\/\/api.w.org\/{rel}","templated":true}]}}