{"id":56219,"date":"2021-04-23T13:38:48","date_gmt":"2021-04-23T11:38:48","guid":{"rendered":"https:\/\/www.cas-aranjuez.org\/wpcas\/?page_id=56219"},"modified":"2022-01-19T13:16:11","modified_gmt":"2022-01-19T12:16:11","slug":"cas-en-videos","status":"publish","type":"page","link":"https:\/\/www.cas-aranjuez.org\/wpcas\/cas-en-videos\/","title":{"rendered":"CAS en v\u00eddeos"},"content":{"rendered":"\n<div class=\"wp-block-media-text alignwide is-stacked-on-mobile\"><figure class=\"wp-block-media-text__media\"><video controls src=\"https:\/\/www.cas-aranjuez.org\/wpcas\/wp-content\/uploads\/2021\/09\/60-a\u00f1os-60-retos.mp4\"><\/video><\/figure><div class=\"wp-block-media-text__content\">\n<p class=\"has-vivid-red-color has-text-color has-medium-font-size\"><strong>60\u00ba Aniversario de presencia somasca en el centro<\/strong><\/p>\n\n\n\n<p><a href=\"https:\/\/www.cas-aranjuez.org\/wpcas\/wp-content\/uploads\/2021\/09\/60-a\u00f1os-60-retos.mp4\" target=\"_blank\" rel=\"noreferrer noopener\">Proyecto 60 a\u00f1os, 60 retos<\/a><\/p>\n<\/div><\/div>\n\n\n\n<div class=\"wp-block-media-text alignwide is-stacked-on-mobile\"><figure class=\"wp-block-media-text__media\"><video controls src=\"https:\/\/www.cas-aranjuez.org\/wpcas\/wp-content\/uploads\/2021\/03\/Huella-CAS.mp4\"><\/video><\/figure><div class=\"wp-block-media-text__content\">\n<h1 class=\"has-vivid-red-color has-text-color wp-block-heading\"><strong>Somos CAS<\/strong><\/h1>\n\n\n\n<p><a rel=\"noreferrer noopener\" href=\"https:\/\/www.cas-aranjuez.org\/wpcas\/wp-content\/uploads\/2021\/03\/Huella-CAS.mp4\" target=\"_blank\">V\u00eddeo de presentaci\u00f3n del Centro.<\/a><\/p>\n<\/div><\/div>\n\n\n\n<div class=\"wp-block-media-text alignwide is-stacked-on-mobile\"><figure class=\"wp-block-media-text__media\"><video controls src=\"https:\/\/www.cas-aranjuez.org\/wpcas\/wp-content\/uploads\/2022\/01\/Mi-pelicula-21.mp4\"><\/video><\/figure><div class=\"wp-block-media-text__content\">\n<p class=\"has-vivid-red-color has-text-color has-large-font-size\">Ed. Infantil Ciclo I <strong>\u00abEscuela PequeCAS<\/strong>\u00ab<\/p>\n\n\n\n<p><a href=\"https:\/\/www.cas-aranjuez.org\/wpcas\/wp-content\/uploads\/2022\/01\/Mi-pelicula-21.mp4\" target=\"_blank\" rel=\"noreferrer noopener\">Instalaciones y equipo educativo<\/a><\/p>\n<\/div><\/div>\n\n\n\n<div class=\"wp-block-media-text alignwide is-stacked-on-mobile\"><figure class=\"wp-block-media-text__media\"><video controls src=\"https:\/\/www.cas-aranjuez.org\/wpcas\/wp-content\/uploads\/2021\/03\/EInfantilJornadaPA21.mp4\"><\/video><\/figure><div class=\"wp-block-media-text__content\">\n<p class=\"has-vivid-red-color has-text-color has-large-font-size\"><strong>Ed. Infantil Ciclo II<\/strong><\/p>\n\n\n\n<p><a href=\"https:\/\/www.cas-aranjuez.org\/wpcas\/wp-content\/uploads\/2021\/03\/EInfantilJornadaPA21.mp4\">Presentaci\u00f3n de Ed. Infantil<\/a><\/p>\n<\/div><\/div>\n\n\n\n<div class=\"wp-block-media-text alignwide is-stacked-on-mobile\"><figure class=\"wp-block-media-text__media\"><video controls src=\"https:\/\/www.cas-aranjuez.org\/wpcas\/wp-content\/uploads\/2021\/03\/IMG_0663.mp4\"><\/video><\/figure><div class=\"wp-block-media-text__content\">\n<p class=\"has-vivid-red-color has-text-color has-large-font-size\"><strong>Ed. Primaria<\/strong><\/p>\n\n\n\n<p><a href=\"https:\/\/www.cas-aranjuez.org\/wpcas\/wp-content\/uploads\/2021\/03\/IMG_0663.mp4\" target=\"_blank\" rel=\"noreferrer noopener\" aria-label=\"Presentaci\u00f3n de Ed. Primaria (se abre en una nueva pesta\u00f1a)\">Presentaci\u00f3n de Ed. Primaria<\/a><\/p>\n<\/div><\/div>\n\n\n\n<div class=\"wp-block-media-text alignwide is-stacked-on-mobile\"><figure class=\"wp-block-media-text__media\"><video controls src=\"https:\/\/www.cas-aranjuez.org\/wpcas\/wp-content\/uploads\/2021\/03\/CAS-Eso-Bachillerato.mp4\"><\/video><\/figure><div class=\"wp-block-media-text__content\">\n<p class=\"has-vivid-red-color has-text-color has-large-font-size\"><strong>Ed. Secundaria y Bachillerato<\/strong><\/p>\n\n\n\n<p><a href=\"https:\/\/www.cas-aranjuez.org\/wpcas\/wp-content\/uploads\/2021\/03\/CAS-Eso-Bachillerato.mp4\" target=\"_blank\" rel=\"noreferrer noopener\" aria-label=\"Presentaci\u00f3n de ESO y Bachillerato (se abre en una nueva pesta\u00f1a)\">Presentaci\u00f3n de ESO y Bachillerato<\/a><\/p>\n<\/div><\/div>\n\n\n<p><!--EndFragment--><\/p>\n<p><!--StartFragment--><\/p>","protected":false},"excerpt":{"rendered":"<p>60\u00ba Aniversario de presencia somasca en el centro Proyecto 60 a\u00f1os, 60 retos Somos CAS V\u00eddeo de presentaci\u00f3n del Centro. Ed. Infantil Ciclo I \u00abEscuela PequeCAS\u00ab Instalaciones y equipo educativo Ed. Infantil Ciclo II Presentaci\u00f3n de Ed. Infantil Ed. Primaria <a href=\"https:\/\/www.cas-aranjuez.org\/wpcas\/cas-en-videos\/\" class=\"read-more\">Leer m\u00e1s&#8230;<\/a><\/p>\n","protected":false},"author":12,"featured_media":0,"parent":0,"menu_order":0,"comment_status":"closed","ping_status":"closed","template":"","meta":{"ngg_post_thumbnail":0,"footnotes":""},"class_list":["post-56219","page","type-page","status-publish","hentry"],"_links":{"self":[{"href":"https:\/\/www.cas-aranjuez.org\/wpcas\/wp-json\/wp\/v2\/pages\/56219","targetHints":{"allow":["GET"]}}],"collection":[{"href":"https:\/\/www.cas-aranjuez.org\/wpcas\/wp-json\/wp\/v2\/pages"}],"about":[{"href":"https:\/\/www.cas-aranjuez.org\/wpcas\/wp-json\/wp\/v2\/types\/page"}],"author":[{"embeddable":true,"href":"https:\/\/www.cas-aranjuez.org\/wpcas\/wp-json\/wp\/v2\/users\/12"}],"replies":[{"embeddable":true,"href":"https:\/\/www.cas-aranjuez.org\/wpcas\/wp-json\/wp\/v2\/comments?post=56219"}],"version-history":[{"count":4,"href":"https:\/\/www.cas-aranjuez.org\/wpcas\/wp-json\/wp\/v2\/pages\/56219\/revisions"}],"predecessor-version":[{"id":60366,"href":"https:\/\/www.cas-aranjuez.org\/wpcas\/wp-json\/wp\/v2\/pages\/56219\/revisions\/60366"}],"wp:attachment":[{"href":"https:\/\/www.cas-aranjuez.org\/wpcas\/wp-json\/wp\/v2\/media?parent=56219"}],"curies":[{"name":"wp","href":"https:\/\/api.w.org\/{rel}","templated":true}]}}