{"id":51898,"date":"2020-05-15T19:45:03","date_gmt":"2020-05-15T17:45:03","guid":{"rendered":"https:\/\/www.cas-aranjuez.org\/wpcas\/?page_id=51898"},"modified":"2026-03-12T08:23:13","modified_gmt":"2026-03-12T07:23:13","slug":"admisiones-20-21","status":"publish","type":"page","link":"https:\/\/www.cas-aranjuez.org\/wpcas\/admisiones-20-21\/","title":{"rendered":"ADMISIONES 2026-2027"},"content":{"rendered":"\n<h4 class=\"wp-block-heading\"><strong>Toda la informaci\u00f3n necesaria est\u00e1 a tu alcance en la web de la Comunidad de Madrid.&nbsp; (<strong><a href=\"https:\/\/www.bocm.es\/boletin\/CM_Orden_BOCM\/2025\/12\/09\/BOCM-20251209-19.PDF\" target=\"_blank\" rel=\"noreferrer noopener\">AQU\u00cd<\/a><\/strong>).<\/strong><\/h4>\n\n\n\n<h4 class=\"wp-block-heading has-vivid-red-color has-text-color\"><strong>El plazo para la presentaci\u00f3n de solicitudes de participaci\u00f3n en el proceso ordinario de admisi\u00f3n de alumnos para el curso 2026\/2027 comprender\u00e1 del 11 al 25 de marzo de 2026, ambas fechas inclusive.<\/strong><\/h4>\n\n\n\n<ul class=\"wp-block-list\">\n<li>Las solicitudes de admisi\u00f3n ser\u00e1n presentadas con car\u00e1cter general de <strong>FORMA TELEM\u00c1TICA<\/strong>, a trav\u00e9s de la web de la Comunidad de Madrid para la Gesti\u00f3n telem\u00e1tica de la Solicitud de Admisi\u00f3n de alumnos  y su <strong>SECRETAR\u00cdA VIRTUAL<\/strong> (con apertura en el plazo correspondiente).\n<ul class=\"wp-block-list\">\n<li> Para ello necesita disponer de certificado digital, o entrar en el sistema de identificaci\u00f3n electr\u00f3nica cl@ve, o registrarse en el sistema inform\u00e1tico, o a trav\u00e9s de la validaci\u00f3n de credenciales de la aplicaci\u00f3n Roble\/Ra\u00edces.<\/li>\n<\/ul>\n<\/li>\n\n\n\n<li> En el caso de imposibilidad t\u00e9cnica, podr\u00e1 cumplimentar la <strong>SOLICITUD DE ADMISI\u00d3N<\/strong> accediendo al impreso de solicitud (AQU\u00cd). Una vez cumplimentado, deber\u00e1 imprimirlo (3 copias) y entregarlo en el centro educativo que solicita en primer lugar. <strong>Nuestra Secretar\u00eda atender\u00e1 en horario de 10:30 a 13:30 (de Lunes a Viernes) y de 16:30 a 17:30 (de Lunes a Jueves)<\/strong>.<\/li>\n<\/ul>\n\n\n\n<p>Concretando en nuestro centro, les recordamos que tienen que participar en el Proceso de Admisi\u00f3n para el curso 2026\/2027, entre otros, los alumnos que acceden por primera vez a centros de Educaci\u00f3n Infantil (3-6 a\u00f1os), de Educaci\u00f3n Primaria o de Educaci\u00f3n Secundaria, sostenidos con fondos p\u00fablicos en el curso 2026\/2027, as\u00ed como aquellos que deseen cambiar de centro.<\/p>\n\n\n\n<ul class=\"wp-block-list\">\n<li><strong>NOTA<\/strong>. Para la cumplimentaci\u00f3n de la solicitud se necesita el c\u00f3digo del centro\/s solicitado\/s. El c\u00f3digo del Colegio Ap\u00f3stol Santiago es <strong>28001563<\/strong>. Para acceder a los c\u00f3digos de otros centros (se pueden poner hasta seis en orden de preferencia), se aconseja utilizar el buscador de centros de la Comunidad de Madrid. (<a href=\"https:\/\/gestiona.comunidad.madrid\/wpad_pub\/run\/j\/MostrarConsultaGeneral.icm\" target=\"_blank\" rel=\"noreferrer noopener\">AQU\u00cd<\/a>)<\/li>\n<\/ul>\n\n\n\n<h3 class=\"wp-block-heading has-vivid-red-color has-text-color\">INFORMACI\u00d3N GENERAL del PROCESO DE ADMISI\u00d3N DE ALUMNOS 2026-2027<\/h3>\n\n\n\n<ul class=\"wp-block-list\">\n<li>Instrucciones para el proceso de admisi\u00f3n de alumnos 2026-2027. (<a href=\"https:\/\/www.bocm.es\/boletin\/CM_Orden_BOCM\/2025\/12\/09\/BOCM-20251209-19.PDF\" target=\"_blank\" rel=\"noreferrer noopener\">AQU\u00cd<\/a>)<\/li>\n\n\n\n<li>Solicitud de admisi\u00f3n (FICHA descargable y rellenable) Imprimir tres copias (<a href=\"https:\/\/www.comunidad.madrid\/sites\/default\/files\/solicitud_autocumplimentable_admision_regimen_general_26_27.pdf\" target=\"_blank\" rel=\"noreferrer noopener\">AQU\u00cd<\/a>)<\/li>\n\n\n\n<li>Informaci\u00f3n relativa a las adscripciones del Colegio (<a href=\"https:\/\/www.cas-aranjuez.org\/wpcas\/wp-content\/uploads\/2026\/02\/InformaBasica.pdf\" target=\"_blank\" rel=\"noreferrer noopener\">AQU\u00cd<\/a>)<\/li>\n\n\n\n<li>Informaci\u00f3n b\u00e1sica y punto complementario del Colegio Ap\u00f3stol Santiago, aprobado por Consejo Escolar. (<a href=\"https:\/\/www.cas-aranjuez.org\/wpcas\/wp-content\/uploads\/2026\/01\/InformaBasica.pdf\" target=\"_blank\" rel=\"noreferrer noopener\">AQU\u00cd<\/a>)<\/li>\n\n\n\n<li>Oferta de <strong>VACANTES<\/strong> del Colegio Ap\u00f3stol Santiago para el curso 2026-2027. (<a href=\"https:\/\/www.cas-aranjuez.org\/wpcas\/wp-content\/uploads\/2026\/03\/Vacantes.pdf\" target=\"_blank\" rel=\"noreferrer noopener\">AQU\u00cd<\/a>)<\/li>\n\n\n\n<li><strong><mark style=\"background-color:rgba(0, 0, 0, 0)\" class=\"has-inline-color has-vivid-red-color\">NOTA IM<\/mark><\/strong><mark style=\"background-color:rgba(0, 0, 0, 0)\" class=\"has-inline-color has-vivid-red-color\"><strong>PORTANTE.-<\/strong> Hasta el 24 <strong>de junio<\/strong> es el plazo voluntario para realizar <em><strong>solicitud complementaria<\/strong><\/em> de centros ante el SAE para alumnos ordinarios que hayan participado en el proceso de admisi\u00f3n y no hayan obtenido plaza escolar en ninguno d los centros solicitados para el curso 2026\/2027.<\/mark><\/li>\n\n\n\n<li><strong>Servicio de Apoyo a la Escolarizaci\u00f3n<\/strong> de Aranjuez:\n<ul class=\"wp-block-list\">\n<li>Centro Cultural \u00abIsabel de Farnesio\u00bb, C\/Capit\u00e1n Angosto G\u00f3mez Castrill\u00f3n, 39, 28300 Aranjuez<\/li>\n\n\n\n<li>Tfno. <strong>911920345<\/strong>  <a href=\"mailto:sae.aranjuez@madrid.org\">sae.aranjuez@madrid.org<\/a>  <a href=\"https:\/\/www.educa2.madrid.org\/web\/sae-aranjuez\">https:\/\/www.educa2.madrid.org\/web\/sae-aranjuez<\/a> <\/li>\n<\/ul>\n<\/li>\n<\/ul>\n\n\n\n<p><\/p>\n\n\n\n<h3 class=\"wp-block-heading has-vivid-red-color has-text-color\">INFORMACI\u00d3N\nSOBRE EL COLEGIO AP\u00d3STOL SANTIAGO. (C\u00f3digo de centro 28001563)<\/h3>\n\n\n\n<p>Si todav\u00eda no conoces nuestro centro, <a rel=\"noreferrer noopener\" href=\"https:\/\/www.cas-aranjuez.org\/wpcas\/oferta-educativa\/\" target=\"_blank\">AQU\u00cd<\/a> puedes conocer nuestro ideario o <strong>car\u00e1cter propio<\/strong>, el <strong>proyecto educativo<\/strong> del centro, el R<strong>eglamento de r\u00e9gimen interior<\/strong> y las <strong>normas de convivencia<\/strong>, los <strong>programas educativos<\/strong>, las <strong>actividades complementarias<\/strong> y <strong>extraescolares<\/strong>, nuestros <strong>servicios<\/strong> y <strong>horarios<\/strong>, de las etapas educativas concertadas (Infantil Ciclo II, Primaria y Secundaria) y privadas (Infantil Ciclo I y Bachillerato).<\/p>\n\n\n\n<figure class=\"wp-block-image size-large\"><img loading=\"lazy\" decoding=\"async\" width=\"1024\" height=\"422\" src=\"https:\/\/www.cas-aranjuez.org\/wpcas\/wp-content\/uploads\/2020\/04\/CABECERA-1024x422.jpg\" alt=\"\" class=\"wp-image-51754\" srcset=\"https:\/\/www.cas-aranjuez.org\/wpcas\/wp-content\/uploads\/2020\/04\/CABECERA-1024x422.jpg 1024w, https:\/\/www.cas-aranjuez.org\/wpcas\/wp-content\/uploads\/2020\/04\/CABECERA-512x211.jpg 512w, https:\/\/www.cas-aranjuez.org\/wpcas\/wp-content\/uploads\/2020\/04\/CABECERA-768x316.jpg 768w, https:\/\/www.cas-aranjuez.org\/wpcas\/wp-content\/uploads\/2020\/04\/CABECERA-1536x633.jpg 1536w, https:\/\/www.cas-aranjuez.org\/wpcas\/wp-content\/uploads\/2020\/04\/CABECERA-360x148.jpg 360w, https:\/\/www.cas-aranjuez.org\/wpcas\/wp-content\/uploads\/2020\/04\/CABECERA.jpg 2007w\" sizes=\"auto, (max-width: 1024px) 100vw, 1024px\" \/><\/figure>\n","protected":false},"excerpt":{"rendered":"<p>Toda la informaci\u00f3n necesaria est\u00e1 a tu alcance en la web de la Comunidad de Madrid.&nbsp; (AQU\u00cd). El plazo para la presentaci\u00f3n de solicitudes de participaci\u00f3n en el proceso ordinario de admisi\u00f3n de alumnos para el curso 2026\/2027 comprender\u00e1 del <a href=\"https:\/\/www.cas-aranjuez.org\/wpcas\/admisiones-20-21\/\" class=\"read-more\">Leer m\u00e1s&#8230;<\/a><\/p>\n","protected":false},"author":12,"featured_media":55403,"parent":0,"menu_order":0,"comment_status":"closed","ping_status":"closed","template":"","meta":{"ngg_post_thumbnail":0,"footnotes":""},"class_list":["post-51898","page","type-page","status-publish","has-post-thumbnail","hentry"],"_links":{"self":[{"href":"https:\/\/www.cas-aranjuez.org\/wpcas\/wp-json\/wp\/v2\/pages\/51898","targetHints":{"allow":["GET"]}}],"collection":[{"href":"https:\/\/www.cas-aranjuez.org\/wpcas\/wp-json\/wp\/v2\/pages"}],"about":[{"href":"https:\/\/www.cas-aranjuez.org\/wpcas\/wp-json\/wp\/v2\/types\/page"}],"author":[{"embeddable":true,"href":"https:\/\/www.cas-aranjuez.org\/wpcas\/wp-json\/wp\/v2\/users\/12"}],"replies":[{"embeddable":true,"href":"https:\/\/www.cas-aranjuez.org\/wpcas\/wp-json\/wp\/v2\/comments?post=51898"}],"version-history":[{"count":73,"href":"https:\/\/www.cas-aranjuez.org\/wpcas\/wp-json\/wp\/v2\/pages\/51898\/revisions"}],"predecessor-version":[{"id":136791,"href":"https:\/\/www.cas-aranjuez.org\/wpcas\/wp-json\/wp\/v2\/pages\/51898\/revisions\/136791"}],"wp:featuredmedia":[{"embeddable":true,"href":"https:\/\/www.cas-aranjuez.org\/wpcas\/wp-json\/wp\/v2\/media\/55403"}],"wp:attachment":[{"href":"https:\/\/www.cas-aranjuez.org\/wpcas\/wp-json\/wp\/v2\/media?parent=51898"}],"curies":[{"name":"wp","href":"https:\/\/api.w.org\/{rel}","templated":true}]}}