{"id":51033,"date":"2020-02-18T10:51:21","date_gmt":"2020-02-18T09:51:21","guid":{"rendered":"https:\/\/www.cas-aranjuez.org\/wpcas\/?page_id=51033"},"modified":"2025-09-11T13:07:38","modified_gmt":"2025-09-11T11:07:38","slug":"servicios-complementarios","status":"publish","type":"page","link":"https:\/\/www.cas-aranjuez.org\/wpcas\/servicios-complementarios\/","title":{"rendered":"Servicios complementarios"},"content":{"rendered":"\n<p>El Colegio Ap\u00f3stol Santiago organiza anualmente una amplia oferta de servicios para el conjunto de los alumnos, complementada a su vez por las actividades extraescolares. <strong>Los servicios complementarios ofrecidos por el Centro, son de car\u00e1cter voluntario y no discriminatorios para los usuarios y no lucrativos para el Colegio, aunque con coste propio e informado anualmente.<\/strong> Los SERVICIOS COMPLEMENTARIOS, explicados individualmente en los documentos adjuntos, ofrecidos por el centro de manera general son:<\/p>\n\n\n\n<ul class=\"wp-block-list\">\n<li><strong>Plataforma Digital para la comunicaci\u00f3n con las familias. <\/strong><\/li>\n\n\n\n<li><strong>Servicio de enfermer\u00eda escolar.<\/strong><\/li>\n\n\n\n<li><strong>Seguro privado de Accidentes.<\/strong><\/li>\n\n\n\n<li><strong>Servicio de Comedor Escolar.<\/strong><\/li>\n\n\n\n<li><strong>Atenci\u00f3n en ampliaci\u00f3n horaria no lectiva (ma\u00f1ana y tarde).<\/strong><\/li>\n<\/ul>\n\n\n\n<h3 class=\"wp-block-heading\">Servicios Complementarios<\/h3>\n\n\n\n<ul class=\"wp-block-list\">\n<li>Plataforma, Enfermer\u00eda, Seguro privado de accidentes.-\u00a0<a href=\"https:\/\/www.cas-aranjuez.org\/wpcas\/wp-content\/uploads\/2025\/09\/Servicios-Complementarios_25-26_Informacion-Inscripcion.pdf\" target=\"_blank\" rel=\"noreferrer noopener\">Informaci\u00f3n e inscripci\u00f3n<\/a>.<\/li>\n\n\n\n<li>Comedor Escolar y atenci\u00f3n en ampliaci\u00f3n horaria.-\u00a0<a href=\"https:\/\/www.cas-aranjuez.org\/wpcas\/comedor\/\" target=\"_blank\" rel=\"noreferrer noopener\">Informaci\u00f3n e inscripci\u00f3n<\/a>.<\/li>\n\n\n\n<li>Ficha de autorizaci\u00f3n para la\u00a0<strong>administraci\u00f3n de medicaci\u00f3n<\/strong>.\u00a0<a href=\"https:\/\/www.cas-aranjuez.org\/wpcas\/wp-content\/uploads\/2023\/06\/Ficha-Administracion-Medicamentos.pdf\" target=\"_blank\" rel=\"noreferrer noopener\">AQU\u00cd<\/a>.<br>\u00a0<\/li>\n<\/ul>\n\n\n\n<p><\/p>\n","protected":false},"excerpt":{"rendered":"<p>El Colegio Ap\u00f3stol Santiago organiza anualmente una amplia oferta de servicios para el conjunto de los alumnos, complementada a su vez por las actividades extraescolares. Los servicios complementarios ofrecidos por el Centro, son de car\u00e1cter voluntario y no discriminatorios para <a href=\"https:\/\/www.cas-aranjuez.org\/wpcas\/servicios-complementarios\/\" class=\"read-more\">Leer m\u00e1s&#8230;<\/a><\/p>\n","protected":false},"author":12,"featured_media":95041,"parent":0,"menu_order":0,"comment_status":"closed","ping_status":"closed","template":"","meta":{"ngg_post_thumbnail":0,"footnotes":""},"class_list":["post-51033","page","type-page","status-publish","has-post-thumbnail","hentry"],"_links":{"self":[{"href":"https:\/\/www.cas-aranjuez.org\/wpcas\/wp-json\/wp\/v2\/pages\/51033","targetHints":{"allow":["GET"]}}],"collection":[{"href":"https:\/\/www.cas-aranjuez.org\/wpcas\/wp-json\/wp\/v2\/pages"}],"about":[{"href":"https:\/\/www.cas-aranjuez.org\/wpcas\/wp-json\/wp\/v2\/types\/page"}],"author":[{"embeddable":true,"href":"https:\/\/www.cas-aranjuez.org\/wpcas\/wp-json\/wp\/v2\/users\/12"}],"replies":[{"embeddable":true,"href":"https:\/\/www.cas-aranjuez.org\/wpcas\/wp-json\/wp\/v2\/comments?post=51033"}],"version-history":[{"count":9,"href":"https:\/\/www.cas-aranjuez.org\/wpcas\/wp-json\/wp\/v2\/pages\/51033\/revisions"}],"predecessor-version":[{"id":134376,"href":"https:\/\/www.cas-aranjuez.org\/wpcas\/wp-json\/wp\/v2\/pages\/51033\/revisions\/134376"}],"wp:featuredmedia":[{"embeddable":true,"href":"https:\/\/www.cas-aranjuez.org\/wpcas\/wp-json\/wp\/v2\/media\/95041"}],"wp:attachment":[{"href":"https:\/\/www.cas-aranjuez.org\/wpcas\/wp-json\/wp\/v2\/media?parent=51033"}],"curies":[{"name":"wp","href":"https:\/\/api.w.org\/{rel}","templated":true}]}}