{"id":274,"date":"2017-01-31T21:32:37","date_gmt":"2017-01-31T20:32:37","guid":{"rendered":"http:\/\/www.cas-aranjuez.org\/wpcas\/?page_id=274"},"modified":"2017-11-19T23:33:37","modified_gmt":"2017-11-19T22:33:37","slug":"como-llegar","status":"publish","type":"page","link":"https:\/\/www.cas-aranjuez.org\/wpcas\/como-llegar\/","title":{"rendered":"C\u00f3mo Llegar"},"content":{"rendered":"<div class=\"panel-pane pane-custom pane-1\">\n<p>C\/ Moreras, 217<br \/>\n28300 Aranjuez, Madrid (Espa\u00f1a)<\/p>\n<p>Tel: 918921200 Fax: 918921009<br \/>\ne-mail: <a href=\"mailto:secretaria@cas-aranjuez.org\">secretaria@cas-aranjuez.org<\/a><\/p>\n<p><a href=\"http:\/\/www.rta.com.es\/urbanos\/\">Ver l\u00edneas de Autob\u00fas Urbano<\/a><\/p>\n<\/div>\n<p><iframe loading=\"lazy\" style=\"border: 0;\" src=\"https:\/\/www.google.com\/maps\/embed?pb=!1m18!1m12!1m3!1d3054.705952530422!2d-3.591778685117954!3d40.037344086550156!2m3!1f0!2f0!3f0!3m2!1i1024!2i768!4f13.1!3m3!1m2!1s0xd42058fbd617263%3A0xe04ab993fcd0aa9!2sCalle+de+las+Moreras%2C+217%2C+28300+Aranjuez%2C+Madrid!5e0!3m2!1ses!2ses!4v1485894973104\" width=\"400\" height=\"300\" frameborder=\"0\" allowfullscreen=\"allowfullscreen\"><\/iframe><br \/>\n<a href=\"http:\/\/maps.google.es\/maps?f=q&amp;source=embed&amp;hl=es&amp;geocode=&amp;q=moreras+217,+aranjuez&amp;aq=&amp;sll=40.524724,-3.816153&amp;sspn=2.45083,5.822754&amp;ie=UTF8&amp;hq=&amp;hnear=Calle+de+las+Moreras,+217,+28300+Aranjuez,+Madrid,+Comunidad+de+Madrid&amp;ll=40.03494,-3.588847&amp;spn=0.004822,0.011373&amp;t=m&amp;z=14\">Ver mapa m\u00e1s grande<\/a><\/p>\n","protected":false},"excerpt":{"rendered":"<p>C\/ Moreras, 217 28300 Aranjuez, Madrid (Espa\u00f1a) Tel: 918921200 Fax: 918921009 e-mail: secretaria@cas-aranjuez.org Ver l\u00edneas de Autob\u00fas Urbano Ver mapa m\u00e1s grande<\/p>\n","protected":false},"author":1,"featured_media":0,"parent":0,"menu_order":0,"comment_status":"closed","ping_status":"closed","template":"","meta":{"ngg_post_thumbnail":0,"footnotes":""},"class_list":["post-274","page","type-page","status-publish","hentry"],"_links":{"self":[{"href":"https:\/\/www.cas-aranjuez.org\/wpcas\/wp-json\/wp\/v2\/pages\/274","targetHints":{"allow":["GET"]}}],"collection":[{"href":"https:\/\/www.cas-aranjuez.org\/wpcas\/wp-json\/wp\/v2\/pages"}],"about":[{"href":"https:\/\/www.cas-aranjuez.org\/wpcas\/wp-json\/wp\/v2\/types\/page"}],"author":[{"embeddable":true,"href":"https:\/\/www.cas-aranjuez.org\/wpcas\/wp-json\/wp\/v2\/users\/1"}],"replies":[{"embeddable":true,"href":"https:\/\/www.cas-aranjuez.org\/wpcas\/wp-json\/wp\/v2\/comments?post=274"}],"version-history":[{"count":9,"href":"https:\/\/www.cas-aranjuez.org\/wpcas\/wp-json\/wp\/v2\/pages\/274\/revisions"}],"predecessor-version":[{"id":290,"href":"https:\/\/www.cas-aranjuez.org\/wpcas\/wp-json\/wp\/v2\/pages\/274\/revisions\/290"}],"wp:attachment":[{"href":"https:\/\/www.cas-aranjuez.org\/wpcas\/wp-json\/wp\/v2\/media?parent=274"}],"curies":[{"name":"wp","href":"https:\/\/api.w.org\/{rel}","templated":true}]}}