{"id":1339,"date":"2018-01-15T13:00:22","date_gmt":"2018-01-15T12:00:22","guid":{"rendered":"http:\/\/www.cas-aranjuez.org\/wpcas\/?page_id=1339"},"modified":"2026-02-05T11:19:43","modified_gmt":"2026-02-05T10:19:43","slug":"orientacion","status":"publish","type":"page","link":"https:\/\/www.cas-aranjuez.org\/wpcas\/orientacion\/","title":{"rendered":"Orientaci\u00f3n"},"content":{"rendered":"<div class=\"panel-col-first panel-panel\">\n<div class=\"inside\">\n<div class=\"panel-pane pane-views pane-documentos-sin-portada\">\n<div class=\"view view-documentos-sin-portada view-id-documentos_sin_portada view-display-id-page_1 view-dom-id-08ebcd2c4e091986071ecb03882bb272\">\n<div class=\"view-content\">\n<div class=\"item-list\">\n<h2>Orientaci\u00f3n<\/h2>\n<ul>\n<li>Departamento de Orientaci\u00f3n &#8211; <a href=\"http:\/\/www.cas-aranjuez.org\/wpcas\/wp-content\/uploads\/2018\/03\/Departamento-de-Orientaci\u00f3n-Definici\u00f3n.pdf\" target=\"_blank\" rel=\"noopener noreferrer\">Definici\u00f3n<\/a>.<\/li>\n<li>Departamento de Orientaci\u00f3n &#8211; <a href=\"http:\/\/www.cas-aranjuez.org\/wpcas\/wp-content\/uploads\/2018\/03\/Departamento-de-Orientaci\u00f3n-Funciones-y-componentes.pdf\" target=\"_blank\" rel=\"noopener noreferrer\">Funciones y componentes<\/a>.<\/li>\n<\/ul>\n<h2>Documentaci\u00f3n<\/h2>\n<ul>\n<li><a href=\"https:\/\/www.cas-aranjuez.org\/wpcas\/wp-content\/uploads\/2026\/02\/ponderaciones_26-27_16_enero_26.pdf\" target=\"_blank\" rel=\"noopener\">Ponderaci\u00f3n de las materias de modalidad en las universidades p\u00fablicas madrile\u00f1as. Curso 2026-2027<\/a>. Fuente: Consejer\u00eda de Educaci\u00f3n, Ciencia y Universidades.<\/li>\n<li><a href=\"https:\/\/www.cas-aranjuez.org\/wpcas\/wp-content\/uploads\/2026\/02\/notascortedum25-26.pdf\" target=\"_blank\" rel=\"noopener\">Notas de acceso de las titulaciones universitarias oficiales de la Comunidad de Madrid<\/a>. Curso 2025-2026.<\/li>\n<li>Esquema del SISTEMA EDUCATIVO LOMLOE 2023. <a href=\"https:\/\/www.cas-aranjuez.org\/wpcas\/wp-content\/uploads\/2024\/02\/ESQUEMA-SISTEMA-EDUCATIVO-LOMLOE-2023.jpg\" target=\"_blank\" rel=\"noopener\">AQU\u00cd<\/a>.<\/li>\n<li>Oferta educativa de la Comunidad de Madrid. <a href=\"https:\/\/dgbilinguismoycalidad.educa.madrid.org\/cuadernodeorientacion\/oferta-educativa-cam.php\" target=\"_blank\" rel=\"noopener\">AQU\u00cd<\/a>.<\/li>\n<\/ul>\n<\/div>\n<\/div>\n<h2><img loading=\"lazy\" decoding=\"async\" class=\"alignnone size-large wp-image-97069\" src=\"https:\/\/www.cas-aranjuez.org\/wpcas\/wp-content\/uploads\/2024\/02\/ESQUEMA-SISTEMA-EDUCATIVO-LOMLOE-2023-1024x724.jpg\" alt=\"\" width=\"640\" height=\"453\" srcset=\"https:\/\/www.cas-aranjuez.org\/wpcas\/wp-content\/uploads\/2024\/02\/ESQUEMA-SISTEMA-EDUCATIVO-LOMLOE-2023-1024x724.jpg 1024w, https:\/\/www.cas-aranjuez.org\/wpcas\/wp-content\/uploads\/2024\/02\/ESQUEMA-SISTEMA-EDUCATIVO-LOMLOE-2023-512x362.jpg 512w, https:\/\/www.cas-aranjuez.org\/wpcas\/wp-content\/uploads\/2024\/02\/ESQUEMA-SISTEMA-EDUCATIVO-LOMLOE-2023-768x543.jpg 768w, https:\/\/www.cas-aranjuez.org\/wpcas\/wp-content\/uploads\/2024\/02\/ESQUEMA-SISTEMA-EDUCATIVO-LOMLOE-2023-1536x1086.jpg 1536w, https:\/\/www.cas-aranjuez.org\/wpcas\/wp-content\/uploads\/2024\/02\/ESQUEMA-SISTEMA-EDUCATIVO-LOMLOE-2023-2048x1448.jpg 2048w, https:\/\/www.cas-aranjuez.org\/wpcas\/wp-content\/uploads\/2024\/02\/ESQUEMA-SISTEMA-EDUCATIVO-LOMLOE-2023-360x255.jpg 360w\" sizes=\"auto, (max-width: 640px) 100vw, 640px\" \/><\/h2>\n<h2>&nbsp;<\/h2>\n<h2><span style=\"color: revert; font-size: revert; font-weight: revert;\">Programa de Orientaci\u00f3n Vocacional<\/span><\/h2>\n<div class=\"view-content\">\n<div class=\"item-list\">\n<p>&nbsp;<\/p>\n<\/div>\n<\/div>\n<\/div>\n<\/div>\n<\/div>\n<\/div>\n\n\n<div class=\"wp-block-media-text alignwide is-stacked-on-mobile\" style=\"grid-template-columns:33% auto\"><figure class=\"wp-block-media-text__media\"><a href=\"https:\/\/www.elorienta.com\/apostolsantiago\/\" target=\"_blank\" rel=\"noopener\"><img loading=\"lazy\" decoding=\"async\" width=\"714\" height=\"420\" src=\"https:\/\/www.cas-aranjuez.org\/wpcas\/wp-content\/uploads\/2021\/10\/orienta-blog.jpg\" alt=\"\" class=\"wp-image-58820 size-full\" srcset=\"https:\/\/www.cas-aranjuez.org\/wpcas\/wp-content\/uploads\/2021\/10\/orienta-blog.jpg 714w, https:\/\/www.cas-aranjuez.org\/wpcas\/wp-content\/uploads\/2021\/10\/orienta-blog-512x301.jpg 512w, https:\/\/www.cas-aranjuez.org\/wpcas\/wp-content\/uploads\/2021\/10\/orienta-blog-360x212.jpg 360w\" sizes=\"auto, (max-width: 714px) 100vw, 714px\" \/><\/a><\/figure><div class=\"wp-block-media-text__content\">\n<p class=\"has-large-font-size\">Blog de orientaci\u00f3n. <a href=\"https:\/\/www.elorienta.com\/apostolsantiago\/\" target=\"_blank\" rel=\"noreferrer noopener\">AQU\u00cd<\/a>.<\/p>\n<\/div><\/div>\n\n\n\n<div class=\"wp-block-media-text alignwide is-stacked-on-mobile\" style=\"grid-template-columns:33% auto\"><figure class=\"wp-block-media-text__media\"><a href=\"https:\/\/www.elorienta.com\/movil\/?yafxb=78215\" target=\"_blank\" rel=\"noopener\"><img loading=\"lazy\" decoding=\"async\" width=\"462\" height=\"453\" src=\"https:\/\/www.cas-aranjuez.org\/wpcas\/wp-content\/uploads\/2022\/10\/orientaImagen1.jpg\" alt=\"\" class=\"wp-image-74875 size-full\" srcset=\"https:\/\/www.cas-aranjuez.org\/wpcas\/wp-content\/uploads\/2022\/10\/orientaImagen1.jpg 462w, https:\/\/www.cas-aranjuez.org\/wpcas\/wp-content\/uploads\/2022\/10\/orientaImagen1-275x270.jpg 275w\" sizes=\"auto, (max-width: 462px) 100vw, 462px\" \/><\/a><\/figure><div class=\"wp-block-media-text__content\">\n<p class=\"has-large-font-size\">Orientaline. <a href=\"https:\/\/www.elorienta.com\/movil\/?yafxb=78215\" target=\"_blank\" rel=\"noreferrer noopener\">AQU\u00cd<\/a>.<\/p>\n<\/div><\/div>\n","protected":false},"excerpt":{"rendered":"<p>Orientaci\u00f3n Departamento de Orientaci\u00f3n &#8211; Definici\u00f3n. Departamento de Orientaci\u00f3n &#8211; Funciones y componentes. Documentaci\u00f3n Ponderaci\u00f3n de las materias de modalidad en las universidades p\u00fablicas madrile\u00f1as. Curso 2026-2027. Fuente: Consejer\u00eda de Educaci\u00f3n, Ciencia y Universidades. Notas de acceso de las titulaciones <a href=\"https:\/\/www.cas-aranjuez.org\/wpcas\/orientacion\/\" class=\"read-more\">Leer m\u00e1s&#8230;<\/a><\/p>\n","protected":false},"author":1,"featured_media":48434,"parent":0,"menu_order":0,"comment_status":"closed","ping_status":"closed","template":"","meta":{"ngg_post_thumbnail":0,"footnotes":""},"class_list":["post-1339","page","type-page","status-publish","has-post-thumbnail","hentry"],"_links":{"self":[{"href":"https:\/\/www.cas-aranjuez.org\/wpcas\/wp-json\/wp\/v2\/pages\/1339","targetHints":{"allow":["GET"]}}],"collection":[{"href":"https:\/\/www.cas-aranjuez.org\/wpcas\/wp-json\/wp\/v2\/pages"}],"about":[{"href":"https:\/\/www.cas-aranjuez.org\/wpcas\/wp-json\/wp\/v2\/types\/page"}],"author":[{"embeddable":true,"href":"https:\/\/www.cas-aranjuez.org\/wpcas\/wp-json\/wp\/v2\/users\/1"}],"replies":[{"embeddable":true,"href":"https:\/\/www.cas-aranjuez.org\/wpcas\/wp-json\/wp\/v2\/comments?post=1339"}],"version-history":[{"count":28,"href":"https:\/\/www.cas-aranjuez.org\/wpcas\/wp-json\/wp\/v2\/pages\/1339\/revisions"}],"predecessor-version":[{"id":136042,"href":"https:\/\/www.cas-aranjuez.org\/wpcas\/wp-json\/wp\/v2\/pages\/1339\/revisions\/136042"}],"wp:featuredmedia":[{"embeddable":true,"href":"https:\/\/www.cas-aranjuez.org\/wpcas\/wp-json\/wp\/v2\/media\/48434"}],"wp:attachment":[{"href":"https:\/\/www.cas-aranjuez.org\/wpcas\/wp-json\/wp\/v2\/media?parent=1339"}],"curies":[{"name":"wp","href":"https:\/\/api.w.org\/{rel}","templated":true}]}}